{"id":5127,"date":"2022-10-27T11:53:13","date_gmt":"2022-10-27T09:53:13","guid":{"rendered":"https:\/\/www.onlyski.eu\/privacy-policy\/"},"modified":"2025-10-20T12:19:46","modified_gmt":"2025-10-20T10:19:46","slug":"privacy-policy","status":"publish","type":"page","link":"https:\/\/www.onlyski.eu\/fr\/privacy-policy\/","title":{"rendered":"Privacy Policy"},"content":{"rendered":"","protected":false},"excerpt":{"rendered":"","protected":false},"author":3,"featured_media":0,"parent":0,"menu_order":0,"comment_status":"closed","ping_status":"closed","template":"","meta":{"_acf_changed":false,"footnotes":""},"class_list":["post-5127","page","type-page","status-publish","hentry"],"acf":{"composer":[{"acf_fc_layout":"heading","visibility":"all","layout_blocco":"boxed","background":"","id_row":"","classe_row":"","heading":"Privacy Policy","heading_size":"h1","heading_align":"left"},{"acf_fc_layout":"spacer","visibility":"all","background":"","height":30},{"acf_fc_layout":"colonne","visibility":"all","layout_blocco":"boxed","background":"","id_row":"","classe_row":"","singola_colonna":[{"testo_colonna":"<strong>NOTICE D\u2019INFORMATION SUR LA PROTECTION DES DONN\u00c9ES DU SITE WEB<\/strong>\r\n\r\n<strong>CONFORM\u00c9MENT \u00c0 L\u2019ART. 13 DU R\u00c8GLEMENT (UE) 2016\/679 (RGPD)<\/strong>\r\n\r\n&nbsp;\r\n\r\nCher\/Ch\u00e8re <strong>Personne concern\u00e9e<\/strong>,\r\n\r\npar la pr\u00e9sente, <strong>ONLY SKI DI BOSCARDIN LUCA &amp; C. S.N.C.<\/strong> fournit l\u2019information relative au traitement des donn\u00e9es \u00e0 caract\u00e8re personnel acquises, y compris verbalement, directement ou par l\u2019interm\u00e9diaire de tiers, vous concernant et d\u00e9coulant de l\u2019utilisation du site internet <a href=\"https:\/\/www.onlyski.eu\/\" target=\"_blank\" rel=\"noopener\">https:\/\/www.onlyski.eu\/<\/a>. La pr\u00e9sente notice est fournie conform\u00e9ment \u00e0 l\u2019art. 13 du R\u00e8glement (UE) 2016\/679 (RGPD).\r\n<ol>\r\n  <li><strong>IDENTIT\u00c9 ET COORDONN\u00c9ES DU RESPONSABLE DU TRAITEMENT.<\/strong><\/li>\r\n<\/ol>\r\nLe Responsable du traitement des donn\u00e9es (ci-apr\u00e8s \u00e9galement le \u00ab <strong>Responsable<\/strong> \u00bb) est <strong>ONLY SKI DI BOSCARDIN LUCA &amp; C. S.N.C.<\/strong>, si\u00e8ge: Frazione Entreves, 122, 11016 La Thuile (AO), Italie, TVA 01046340079, t\u00e9l. +39 0165 885307, e-mail <a href=\"mailto:onlyski@lathuile.it\">onlyski@lathuile.it<\/a>, PEC <a href=\"mailto:onlyski@solutionpec.it\">onlyski@solutionpec.it<\/a>.\r\n<ol>\r\n  <li><strong>TYPES DE DONN\u00c9ES PERSONNELLES, FINALIT\u00c9S ET BASES JURIDIQUES DU TRAITEMENT<\/strong><\/li>\r\n<\/ol>\r\nSur le site <a href=\"https:\/\/www.onlyski.eu\/\" target=\"_blank\" rel=\"noopener\">https:\/\/www.onlyski.eu\/<\/a>, des donn\u00e9es personnelles volontairement saisies par l\u2019Utilisateur (nom, pr\u00e9nom, e\u2011mail, t\u00e9l\u00e9phone) peuvent \u00eatre trait\u00e9es aux fins de la conclusion d\u2019une commande de produits et de la gestion des livraisons. La base juridique dans ces cas est l\u2019ex\u00e9cution d\u2019un contrat auquel l\u2019utilisateur est ou peut devenir partie, ou l\u2019ex\u00e9cution de mesures pr\u00e9contractuelles \u00e0 sa demande (art. 6, let. b) du RGPD).\r\n\r\nSur le site <a href=\"https:\/\/www.onlyski.eu\/\" target=\"_blank\" rel=\"noopener\">https:\/\/www.onlyski.eu\/<\/a>, il est \u00e9galement possible d\u2019activer un compte personnel par lequel les clients enregistr\u00e9s acc\u00e8dent avec leurs identifiants d\u2019authentification et peuvent publier des commentaires. Le portail permet \u00e0 chaque utilisateur d\u2019acc\u00e9der aux informations relatives aux services et produits, d\u2019effectuer des modifications de configuration, d\u2019obtenir\/modifier les identifiants d\u2019acc\u00e8s et d\u2019obtenir du support. Les donn\u00e9es personnelles trait\u00e9es par le Responsable pour cette activit\u00e9 sont les suivantes : logs d\u2019adresse IP source, logs syst\u00e8me et r\u00e9seau, donn\u00e9es de trafic \u00e9lectronique, donn\u00e9es trait\u00e9es aux fins de la transmission d\u2019une communication sur un r\u00e9seau de communications \u00e9lectroniques ou de la facturation correspondante.\r\n\r\nLa base juridique dans ces cas est la n\u00e9cessit\u00e9 de l\u2019archivage technique des informations ou l\u2019acc\u00e8s \u00e0 des informations d\u00e9j\u00e0 archiv\u00e9es, en vue de transmettre une communication, ou dans la mesure strictement n\u00e9cessaire pour fournir un service de la soci\u00e9t\u00e9 de l\u2019information explicitement demand\u00e9 par l\u2019utilisateur (art. 122 du Code italien de la confidentialit\u00e9).\r\n<ol>\r\n  <li><strong>MODALIT\u00c9S DU TRAITEMENT DES DONN\u00c9ES.<\/strong><\/li>\r\n<\/ol>\r\nLe traitement sera effectu\u00e9 au moyen d\u2019outils \u00e9lectroniques, informatiques ou automatis\u00e9s, ainsi que sur support papier.\r\n\r\nLe traitement est effectu\u00e9 par le Responsable et par les collaborateurs et\/ou employ\u00e9s du Responsable en qualit\u00e9 de personnes autoris\u00e9es au traitement, par l\u2019administrateur syst\u00e8me, ainsi que par les sous\u2011traitants sp\u00e9cifiquement d\u00e9sign\u00e9s par \u00e9crit, dans le cadre de leurs fonctions et conform\u00e9ment aux instructions donn\u00e9es par le Responsable, en garantissant l\u2019utilisation de mesures appropri\u00e9es pour la s\u00e9curit\u00e9 des donn\u00e9es trait\u00e9es et en assurant leur confidentialit\u00e9.\r\n\r\nConform\u00e9ment au R\u00e8glement, les traitements effectu\u00e9s par le Responsable seront fond\u00e9s sur les principes de lic\u00e9it\u00e9, loyaut\u00e9, transparence, limitation des finalit\u00e9s et de la conservation, minimisation des donn\u00e9es, exactitude, int\u00e9grit\u00e9 et confidentialit\u00e9.\r\n\r\nVos donn\u00e9es seront toujours trait\u00e9es dans le respect maximal du principe de confidentialit\u00e9, y compris lorsqu\u2019elles sont g\u00e9r\u00e9es par des tiers express\u00e9ment mandat\u00e9s par le Responsable.\r\n\r\nVos donn\u00e9es ne font l\u2019objet d\u2019aucun processus d\u00e9cisionnel automatis\u00e9.\r\n<ol>\r\n  <li><strong>DUR\u00c9E DE CONSERVATION.<\/strong><\/li>\r\n<\/ol>\r\nVos donn\u00e9es personnelles seront conserv\u00e9es pendant la gestion de la commande \/ du compte et pendant une p\u00e9riode de dix ans \u00e0 compter de l\u2019ach\u00e8vement de la derni\u00e8re commande \/ de la derni\u00e8re activit\u00e9 du compte, afin de respecter les obligations fiscales et comptables, ainsi que pour la protection judiciaire en cas de litiges.\r\n\r\nSont r\u00e9serv\u00e9s les cas dans lesquels les droits du Responsable doivent \u00eatre exerc\u00e9s en justice ; dans ce cas, les donn\u00e9es personnelles de la Personne concern\u00e9e, exclusivement celles n\u00e9cessaires \u00e0 ces finalit\u00e9s, seront trait\u00e9es pendant le temps strictement n\u00e9cessaire \u00e0 leur poursuite.\r\n\r\n\u00c0 l\u2019expiration des d\u00e9lais de conservation susmentionn\u00e9s, les donn\u00e9es seront d\u00e9truites, effac\u00e9es ou anonymis\u00e9es, conform\u00e9ment aux proc\u00e9dures techniques de suppression et de sauvegarde.\r\n<ol>\r\n  <li><strong>DESTINATAIRES DES DONN\u00c9ES PERSONNELLES.<\/strong><\/li>\r\n<\/ol>\r\nLes donn\u00e9es personnelles que vous avez fournies peuvent \u00eatre connues du Responsable, des personnes autoris\u00e9es et\/ou des sous\u2011traitants. La liste des Sous\u2011traitants, le cas \u00e9ch\u00e9ant, est disponible sur demande.\r\n\r\nLa communication des donn\u00e9es personnelles de la Personne concern\u00e9e a lieu principalement \u00e0 l\u2019\u00e9gard de tiers et\/ou de destinataires dont l\u2019activit\u00e9 est n\u00e9cessaire \u00e0 l\u2019ex\u00e9cution des op\u00e9rations li\u00e9es \u00e0 l\u2019ex\u00e9cution de la relation contractuelle et au respect de certaines obligations l\u00e9gales, tels que, \u00e0 titre d\u2019exemple, les entit\u00e9s qui traitent des donn\u00e9es en ex\u00e9cution d\u2019obligations l\u00e9gales (organismes nationaux et gouvernementaux, etc.), les \u00e9ventuelles associations professionnelles auxquelles l\u2019entreprise a adh\u00e9r\u00e9, les \u00e9tablissements de cr\u00e9dit, soci\u00e9t\u00e9s financi\u00e8res et autres interm\u00e9diaires de cr\u00e9dit fournissant des prestations fonctionnelles aux finalit\u00e9s susmentionn\u00e9es, les soci\u00e9t\u00e9s d\u2019assistance logicielle et mat\u00e9rielle, et les cabinets ou professionnels pour la protection judiciaire ou extrajudiciaire des droits du Responsable.\r\n<ol>\r\n  <li><strong>DIFFUSION DES DONN\u00c9ES.<\/strong><\/li>\r\n<\/ol>\r\nSauf demande \u00e9crite sp\u00e9cifique de votre part, ou injonction de l\u2019autorit\u00e9 judiciaire \/ obligation l\u00e9gale, les donn\u00e9es personnelles que vous avez fournies ne sont pas soumises \u00e0 diffusion.\r\n<ol>\r\n  <li><strong>TRANSFERT DES DONN\u00c9ES \u00c0 L\u2019\u00c9TRANGER.<\/strong><\/li>\r\n<\/ol>\r\nLes donn\u00e9es collect\u00e9es ne seront pas transf\u00e9r\u00e9es vers des pays tiers ni \u00e0 des organisations internationales.\r\n<ol>\r\n  <li><strong>DROITS DE LA PERSONNE CONCERN\u00c9E.<\/strong><\/li>\r\n<\/ol>\r\nLa l\u00e9gislation conf\u00e8re \u00e0 la Personne concern\u00e9e l\u2019exercice de droits sp\u00e9cifiques \u00e9num\u00e9r\u00e9s aux art. 15 \u00e0 22 du RGPD, notamment le droit d\u2019obtenir du Responsable la confirmation de l\u2019existence ou non de donn\u00e9es personnelles la concernant (droit d\u2019acc\u00e8s), leur communication sous une forme intelligible, ainsi que la rectification ou l\u2019effacement de celles\u2011ci, ou la limitation de leur traitement en tout ou en partie, ou de s\u2019opposer pour des motifs l\u00e9gitimes audit traitement et\/ou de retirer son consentement \u00e0 tout moment (sans pr\u00e9judice des cons\u00e9quences indiqu\u00e9es), ou de demander la portabilit\u00e9 de ses donn\u00e9es en ce qui concerne les donn\u00e9es faisant l\u2019objet d\u2019un consentement sp\u00e9cifique, ainsi que leur mise \u00e0 jour.\r\n\r\nLa Personne concern\u00e9e a le droit de conna\u00eetre l\u2019origine des donn\u00e9es, les finalit\u00e9s et modalit\u00e9s du traitement, la logique appliqu\u00e9e au traitement, les coordonn\u00e9es d\u2019identification du Responsable et des sujets auxquels les donn\u00e9es peuvent \u00eatre communiqu\u00e9es.\r\n\r\nLa Personne concern\u00e9e a \u00e9galement le droit de demander l\u2019anonymisation, la limitation ou le blocage des donn\u00e9es trait\u00e9es en violation de la loi ; elle peut \u00e9galement introduire une r\u00e9clamation concernant le traitement non autoris\u00e9 des donn\u00e9es fournies aupr\u00e8s de l\u2019Autorit\u00e9 italienne de protection des donn\u00e9es, selon les modalit\u00e9s publi\u00e9es sur le site de ladite autorit\u00e9 (<a href=\"http:\/\/www.garanteprivacy.it\/\" target=\"_blank\" rel=\"noopener\">http:\/\/www.garanteprivacy.it\/<\/a>).\r\n\r\nLes demandes relatives \u00e0 l\u2019exercice des droits susmentionn\u00e9s peuvent \u00eatre adress\u00e9es au Responsable du traitement, aux coordonn\u00e9es indiqu\u00e9es ci\u2011dessus, sans formalit\u00e9s ou, \u00e0 titre alternatif, en utilisant le mod\u00e8le pr\u00e9vu par l\u2019Autorit\u00e9 italienne de protection des donn\u00e9es, disponible \u00e0 l\u2019adresse : <a href=\"http:\/\/www.garanteprivacy.it\/web\/guest\/home\/docweb\/-\/docweb-display\/docweb\/1089924\" target=\"_blank\" rel=\"noopener\">http:\/\/www.garanteprivacy.it\/web\/guest\/home\/docweb\/-\/docweb-display\/docweb\/1089924<\/a>.\r\n\r\nL\u2019exercice desdits droits peut \u00eatre effectu\u00e9 par communication \u00e9crite envoy\u00e9e par PEC (courriel certifi\u00e9) ou par lettre recommand\u00e9e avec accus\u00e9 de r\u00e9ception adress\u00e9e \u00e0 la structure susmentionn\u00e9e."}]}]},"aioseo_notices":[],"_links":{"self":[{"href":"https:\/\/www.onlyski.eu\/fr\/wp-json\/wp\/v2\/pages\/5127","targetHints":{"allow":["GET"]}}],"collection":[{"href":"https:\/\/www.onlyski.eu\/fr\/wp-json\/wp\/v2\/pages"}],"about":[{"href":"https:\/\/www.onlyski.eu\/fr\/wp-json\/wp\/v2\/types\/page"}],"author":[{"embeddable":true,"href":"https:\/\/www.onlyski.eu\/fr\/wp-json\/wp\/v2\/users\/3"}],"replies":[{"embeddable":true,"href":"https:\/\/www.onlyski.eu\/fr\/wp-json\/wp\/v2\/comments?post=5127"}],"version-history":[{"count":1,"href":"https:\/\/www.onlyski.eu\/fr\/wp-json\/wp\/v2\/pages\/5127\/revisions"}],"predecessor-version":[{"id":5128,"href":"https:\/\/www.onlyski.eu\/fr\/wp-json\/wp\/v2\/pages\/5127\/revisions\/5128"}],"wp:attachment":[{"href":"https:\/\/www.onlyski.eu\/fr\/wp-json\/wp\/v2\/media?parent=5127"}],"curies":[{"name":"wp","href":"https:\/\/api.w.org\/{rel}","templated":true}]}}